{"id":39,"date":"2016-01-20T14:45:06","date_gmt":"2016-01-20T14:45:06","guid":{"rendered":"http:\/\/museobora.org\/wp\/?page_id=39"},"modified":"2016-01-20T15:30:04","modified_gmt":"2016-01-20T15:30:04","slug":"il-progetto","status":"publish","type":"page","link":"https:\/\/museobora.org\/wp\/il-progetto\/","title":{"rendered":"Il progetto"},"content":{"rendered":"<p>IL SOGNO: CREARE A TRIESTE UN MUSEO DELLA BORA E DEL VENTO.<\/p>\n<p>Questo museo la Bora vuole \u201ccatturarla\u201d per presentarla a tutti, piccoli e grandi, triestini e non, esperti e profani. Vuole essere interessante, stimolante, divertente, emozionante.<\/p>\n<p>Vuole essere un \u201cibrido\u201d, uno spazio interdisciplinare, tra scienza, arte, cultura e societ\u00e0.<\/p>\n<p>Senza dimenticare, per\u00f2, di offrire alla citt\u00e0 un punto di scambio con il \u201cresto del mondo\u201d, quello che comincia laggi\u00f9 \u201calla fine della Costiera\u201d oppure oltre il confine&#8230;<\/p>\n<p>La bora, cos\u00ec, dovrebbe favorire la circolazione e lo scambio delle idee.<br \/>\nLei, per prima, d\u00e0 un ottimo esempio di come si possono superare i confini.<\/p>\n<p>Questo Museo vuole essere vivo come il suo vento. Sarebbe bello se nei giorni di bora succedesse qualcosa all\u2019interno dello spazio espositivo: magari, chiss\u00e0, una macchina potrebbe muoversi e funzionare sfruttando l&#8217;energia eolica.<\/p>\n<p>Pi\u00f9 spazi di questo tipo significano pi\u00f9 futuro a una citt\u00e0 che offre gi\u00e0 un circuito scientifico-culturale unico. Un motivo in pi\u00f9 per venirci.<\/p>\n<p><img decoding=\"async\" loading=\"lazy\" class=\"alignnone size-full wp-image-40\" src=\"http:\/\/museobora.org\/wp\/wp-content\/uploads\/2016\/01\/manica-capodistria.jpg\" alt=\"manica-capodistria\" width=\"271\" height=\"175\" \/><\/p>\n<div id=\"themify_builder_content-39\" data-postid=\"39\" class=\"themify_builder_content themify_builder_content-39 themify_builder themify_builder_front\">\n\n\t<\/div>\n<!-- \/themify_builder_content -->","protected":false},"excerpt":{"rendered":"<p>IL SOGNO: CREARE A TRIESTE UN MUSEO DELLA BORA E DEL VENTO. Questo museo la Bora vuole \u201ccatturarla\u201d per presentarla a tutti, piccoli e grandi, triestini e non, esperti e profani. Vuole essere interessante, stimolante, divertente, emozionante. Vuole essere un \u201cibrido\u201d, uno spazio interdisciplinare, tra scienza, arte, cultura e societ\u00e0. Senza dimenticare, per\u00f2, di offrire [&hellip;]<\/p>\n","protected":false},"author":1,"featured_media":0,"parent":0,"menu_order":0,"comment_status":"closed","ping_status":"closed","template":"","meta":[],"_links":{"self":[{"href":"https:\/\/museobora.org\/wp\/wp-json\/wp\/v2\/pages\/39"}],"collection":[{"href":"https:\/\/museobora.org\/wp\/wp-json\/wp\/v2\/pages"}],"about":[{"href":"https:\/\/museobora.org\/wp\/wp-json\/wp\/v2\/types\/page"}],"author":[{"embeddable":true,"href":"https:\/\/museobora.org\/wp\/wp-json\/wp\/v2\/users\/1"}],"replies":[{"embeddable":true,"href":"https:\/\/museobora.org\/wp\/wp-json\/wp\/v2\/comments?post=39"}],"version-history":[{"count":3,"href":"https:\/\/museobora.org\/wp\/wp-json\/wp\/v2\/pages\/39\/revisions"}],"predecessor-version":[{"id":74,"href":"https:\/\/museobora.org\/wp\/wp-json\/wp\/v2\/pages\/39\/revisions\/74"}],"wp:attachment":[{"href":"https:\/\/museobora.org\/wp\/wp-json\/wp\/v2\/media?parent=39"}],"curies":[{"name":"wp","href":"https:\/\/api.w.org\/{rel}","templated":true}]}}